{"id":88,"date":"2026-04-08T12:10:26","date_gmt":"2026-04-08T10:10:26","guid":{"rendered":"https:\/\/elbazarde.com\/frikiverso\/?page_id=88"},"modified":"2026-04-18T21:13:17","modified_gmt":"2026-04-18T19:13:17","slug":"inicio","status":"publish","type":"page","link":"https:\/\/elbazarde.com\/frikiverso\/","title":{"rendered":"Inicio"},"content":{"rendered":"\n<div class=\"wp-block-group has-background\" style=\"background-color:#1a0a2e;padding-top:20px;padding-right:20px;padding-bottom:20px;padding-left:20px\"><div class=\"wp-block-group__inner-container is-layout-constrained wp-container-core-group-is-layout-86b54818 wp-block-group-is-layout-constrained\">\n<p class=\"has-text-align-center\" style=\"font-size:21px;line-height:1.7\">Tu gu\u00eda de compra definitiva para todo lo friki. Analizamos y comparamos los mejores productos de <strong>anime<\/strong>, <strong>gaming<\/strong>, <strong>cosplay<\/strong> y coleccionismo para que siempre aciertes con tu compra. \ud83e\uddd9\u200d\u2642\ufe0f\ud83d\udd25<\/p>\n\n\n\n<p class=\"has-text-align-center\" style=\"font-size:15px\">En FrikiVerso somos apasionados del mundo geek. Cada an\u00e1lisis lo hacemos con criterio, investigando precios, calidad y opiniones reales para darte la informaci\u00f3n que necesitas antes de comprar. Sin valoraciones inventadas.<\/p>\n<\/div><\/div>\n\n\n\n<div class=\"wp-block-group has-background\" style=\"background-color:#2d1458;padding-top:20px;padding-right:20px;padding-bottom:20px;padding-left:20px\"><div class=\"wp-block-group__inner-container is-layout-constrained wp-container-core-group-is-layout-86b54818 wp-block-group-is-layout-constrained\">\n<h2 class=\"wp-block-heading has-text-align-center\" style=\"font-size:30px\">\ud83c\udfae \u00bfQu\u00e9 encontrar\u00e1s en FrikiVerso?<\/h2>\n\n\n\n<p class=\"has-text-align-center\" style=\"margin-bottom:40px;font-size:15px\">Cubrimos todas las categor\u00edas del universo friki con an\u00e1lisis detallados, comparativas honestas y gu\u00edas de compra actualizadas<\/p>\n\n\n\n<div class=\"wp-block-columns is-layout-flex wp-container-core-columns-is-layout-9d6595d7 wp-block-columns-is-layout-flex\">\n<div class=\"wp-block-column has-background is-layout-flow wp-block-column-is-layout-flow\" style=\"background-color:#1a0a2e;padding:28px 24px;border-radius:10px\">\n\n<h3 class=\"wp-block-heading\" style=\"font-size:18px\">\ud83c\udf38 Anime &amp; Manga<\/h3>\n\n\n<p style=\"font-size:14px\">Figuras de acci\u00f3n, merchandising y accesorios de tus series favoritas. Desde Dragon Ball y Naruto hasta los \u00faltimos \u00e9xitos de temporada.<\/p>\n\n<\/div>\n\n\n\n<div class=\"wp-block-column has-background is-layout-flow wp-block-column-is-layout-flow\" style=\"background-color:#1a0a2e;padding:28px 24px;border-radius:10px\">\n\n<h3 class=\"wp-block-heading\" style=\"font-size:18px\">\ud83d\udd79\ufe0f Gaming<\/h3>\n\n\n<p style=\"font-size:14px\">Mandos, auriculares, sillas gaming, teclados mec\u00e1nicos y todo el hardware que necesitas para tu setup. An\u00e1lisis reales por jugadores.<\/p>\n\n<\/div>\n\n\n\n<div class=\"wp-block-column has-background is-layout-flow wp-block-column-is-layout-flow\" style=\"background-color:#1a0a2e;padding:28px 24px;border-radius:10px\">\n\n<h3 class=\"wp-block-heading\" style=\"font-size:18px\">\ud83c\udfc6 Figuras &amp; Coleccionables<\/h3>\n\n\n<p style=\"font-size:14px\">Figuras Pop!, estatuas, r\u00e9plicas y ediciones de coleccionista. Te ayudamos a distinguir las piezas que realmente valen la pena.<\/p>\n\n<\/div>\n\n\n\n<div class=\"wp-block-column has-background is-layout-flow wp-block-column-is-layout-flow\" style=\"background-color:#1a0a2e;padding:28px 24px;border-radius:10px\">\n\n<h3 class=\"wp-block-heading\" style=\"font-size:18px\">\ud83c\udfb2 Juegos &amp; Puzzles<\/h3>\n\n\n<p style=\"font-size:14px\">Juegos de mesa, de rol, puzzles tem\u00e1ticos y cartas coleccionables. Para los que prefieren la experiencia anal\u00f3gica sin dejar de ser frikis.<\/p>\n\n<\/div>\n<\/div>\n<\/div><\/div>\n\n\n\n<div class=\"wp-block-group has-background\" style=\"background-color:#1a0a2e;padding-top:20px;padding-right:20px;padding-bottom:20px;padding-left:20px\"><div class=\"wp-block-group__inner-container is-layout-constrained wp-container-core-group-is-layout-86b54818 wp-block-group-is-layout-constrained\">\n<h2 class=\"wp-block-heading has-text-align-center\" style=\"font-size:30px\">\ud83d\udd0d C\u00f3mo trabajamos<\/h2>\n\n\n\n<p class=\"has-text-align-center\" style=\"margin-bottom:40px;font-size:15px\">Nuestro proceso para recomendarte solo lo mejor del mercado<\/p>\n\n\n\n<div class=\"wp-block-columns is-layout-flex wp-container-core-columns-is-layout-9d6595d7 wp-block-columns-is-layout-flex\">\n<div class=\"wp-block-column is-layout-flow wp-block-column-is-layout-flow\">\n<p class=\"has-text-align-center\" style=\"font-size:42px\">1\ufe0f\u20e3<\/p>\n\n\n\n<h4 class=\"wp-block-heading has-text-align-center\" style=\"font-size:17px\">Investigamos el mercado<\/h4>\n\n\n\n<p class=\"has-text-align-center\" style=\"font-size:14px\">Rastreamos cientos de productos en Amazon. Analizamos valoraciones, historial de precios y quejas frecuentes de compradores reales.<\/p>\n<\/div>\n\n\n\n<div class=\"wp-block-column is-layout-flow wp-block-column-is-layout-flow\">\n<p class=\"has-text-align-center\" style=\"font-size:42px\">2\ufe0f\u20e3<\/p>\n\n\n\n<h4 class=\"wp-block-heading has-text-align-center\" style=\"font-size:17px\">Filtramos y comparamos<\/h4>\n\n\n\n<p class=\"has-text-align-center\" style=\"font-size:14px\">Solo llegan a nuestras gu\u00edas los productos que superan nuestros filtros de calidad, relaci\u00f3n calidad-precio y fiabilidad del vendedor.<\/p>\n<\/div>\n\n\n\n<div class=\"wp-block-column is-layout-flow wp-block-column-is-layout-flow\">\n<p class=\"has-text-align-center\" style=\"font-size:42px\">3\ufe0f\u20e3<\/p>\n\n\n\n<h4 class=\"wp-block-heading has-text-align-center\" style=\"font-size:17px\">Te lo contamos sin rodeos<\/h4>\n\n\n\n<p class=\"has-text-align-center\" style=\"font-size:14px\">Gu\u00edas claras y directas. Sin tecnicismos innecesarios. Para que tomes la mejor decisi\u00f3n de compra en menos de 5 minutos.<\/p>\n<\/div>\n<\/div>\n<\/div><\/div>\n\n\n\n<div class=\"wp-block-group has-background\" style=\"background-color:#2d1458;padding-top:20px;padding-right:20px;padding-bottom:20px;padding-left:20px\"><div class=\"wp-block-group__inner-container is-layout-constrained wp-container-core-group-is-layout-86b54818 wp-block-group-is-layout-constrained\">\n<h2 class=\"wp-block-heading has-text-align-center\" style=\"font-size:30px\">\u2b50 \u00bfPor qu\u00e9 confiar en FrikiVerso?<\/h2>\n\n\n\n<div class=\"wp-block-columns is-layout-flex wp-container-core-columns-is-layout-91e54d10 wp-block-columns-is-layout-flex\" style=\"margin-top:40px\">\n<div class=\"wp-block-column has-background is-layout-flow wp-block-column-is-layout-flow\" style=\"background-color:#1a0a2e;padding:30px 20px;border-radius:10px\">\n\n<p class=\"has-text-align-center\" style=\"font-size:36px\">\u2705<\/p>\n\n\n<h3 class=\"wp-block-heading has-text-align-center\" style=\"font-size:18px\">An\u00e1lisis honestos<\/h3>\n\n\n<p class=\"has-text-align-center\" style=\"font-size:14px\">No monetizamos a cualquier precio. Si un producto no merece la pena, lo decimos. Nuestra credibilidad vale m\u00e1s que cualquier comisi\u00f3n.<\/p>\n\n<\/div>\n\n\n\n<div class=\"wp-block-column has-background is-layout-flow wp-block-column-is-layout-flow\" style=\"background-color:#1a0a2e;padding:30px 20px;border-radius:10px\">\n\n<p class=\"has-text-align-center\" style=\"font-size:36px\">\ud83d\udd0e<\/p>\n\n\n<h3 class=\"wp-block-heading has-text-align-center\" style=\"font-size:18px\">Investigaci\u00f3n exhaustiva<\/h3>\n\n\n<p class=\"has-text-align-center\" style=\"font-size:14px\">Dedicamos horas a estudiar cada categor\u00eda, comparar alternativas y leer centenares de opiniones antes de escribir una sola recomendaci\u00f3n.<\/p>\n\n<\/div>\n\n\n\n<div class=\"wp-block-column has-background is-layout-flow wp-block-column-is-layout-flow\" style=\"background-color:#1a0a2e;padding:30px 20px;border-radius:10px\">\n\n<p class=\"has-text-align-center\" style=\"font-size:36px\">\ud83d\udcb0<\/p>\n\n\n<h3 class=\"wp-block-heading has-text-align-center\" style=\"font-size:18px\">Mejor precio garantizado<\/h3>\n\n\n<p class=\"has-text-align-center\" style=\"font-size:14px\">Monitorizamos los precios continuamente. Nuestros enlaces siempre apuntan a la opci\u00f3n m\u00e1s competitiva disponible en Amazon en cada momento.<\/p>\n\n<\/div>\n<\/div>\n<\/div><\/div>\n\n\n\n<div class=\"wp-block-group has-background\" style=\"background-color:#1a0a2e;padding-top:20px;padding-right:20px;padding-bottom:20px;padding-left:20px\"><div class=\"wp-block-group__inner-container is-layout-constrained wp-container-core-group-is-layout-86b54818 wp-block-group-is-layout-constrained\">\n<h2 class=\"wp-block-heading has-text-align-center\" style=\"font-size:28px\">\ud83d\ude80 Empieza a descubrir el universo friki<\/h2>\n\n\n\n<p class=\"has-text-align-center\" style=\"margin-bottom:20px;font-size:16px\">Explora nuestras gu\u00edas de compra y encuentra el producto perfecto para ti o para regalar. Actualizamos el contenido cada semana con las mejores novedades y ofertas del mercado friki.<\/p>\n\n\n\n<p class=\"has-text-align-center\" style=\"font-size:15px\">\ud83d\udcec <strong>\u00bfBuscas algo concreto?<\/strong> Navega por <a href=\"\/frikiverso\/category\/anime-manga\/\">Anime &amp; Manga<\/a>, <a href=\"\/frikiverso\/category\/gaming\/\">Gaming<\/a>, <a href=\"\/frikiverso\/category\/figuras-coleccionables\/\">Figuras &amp; Coleccionables<\/a> o <a href=\"\/frikiverso\/category\/juegos-puzzles\/\">Juegos &amp; Puzzles<\/a> y encuentra an\u00e1lisis detallados, comparativas y gu\u00edas de compra actualizadas.<\/p>\n<\/div><\/div>\n\n","protected":false},"excerpt":{"rendered":"<p>Tu gu\u00eda de compra definitiva para todo lo friki. Analizamos y comparamos los mejores productos de anime, gaming, cosplay y coleccionismo para que siempre aciertes con tu compra. \ud83e\uddd9\u200d\u2642\ufe0f\ud83d\udd25 En FrikiVerso somos apasionados del mundo geek. Cada an\u00e1lisis lo hacemos con criterio, investigando precios, calidad y opiniones reales para darte la informaci\u00f3n que necesitas antes&#8230;<\/p>\n","protected":false},"author":1,"featured_media":0,"parent":0,"menu_order":0,"comment_status":"closed","ping_status":"closed","template":"","meta":{"_acf_changed":false,"_kad_post_transparent":"","_kad_post_title":"","_kad_post_layout":"","_kad_post_sidebar_id":"","_kad_post_content_style":"","_kad_post_vertical_padding":"","_kad_post_feature":"","_kad_post_feature_position":"","_kad_post_header":false,"_kad_post_footer":false,"_kad_post_classname":"","footnotes":""},"class_list":["post-88","page","type-page","status-publish","hentry"],"acf":[],"_links":{"self":[{"href":"https:\/\/elbazarde.com\/frikiverso\/wp-json\/wp\/v2\/pages\/88","targetHints":{"allow":["GET"]}}],"collection":[{"href":"https:\/\/elbazarde.com\/frikiverso\/wp-json\/wp\/v2\/pages"}],"about":[{"href":"https:\/\/elbazarde.com\/frikiverso\/wp-json\/wp\/v2\/types\/page"}],"author":[{"embeddable":true,"href":"https:\/\/elbazarde.com\/frikiverso\/wp-json\/wp\/v2\/users\/1"}],"replies":[{"embeddable":true,"href":"https:\/\/elbazarde.com\/frikiverso\/wp-json\/wp\/v2\/comments?post=88"}],"version-history":[{"count":15,"href":"https:\/\/elbazarde.com\/frikiverso\/wp-json\/wp\/v2\/pages\/88\/revisions"}],"predecessor-version":[{"id":1576,"href":"https:\/\/elbazarde.com\/frikiverso\/wp-json\/wp\/v2\/pages\/88\/revisions\/1576"}],"wp:attachment":[{"href":"https:\/\/elbazarde.com\/frikiverso\/wp-json\/wp\/v2\/media?parent=88"}],"curies":[{"name":"wp","href":"https:\/\/api.w.org\/{rel}","templated":true}]}}