{"id":65,"date":"2026-04-15T23:07:07","date_gmt":"2026-04-15T21:07:07","guid":{"rendered":"https:\/\/elbazarde.com\/chollosmascotas\/inicio\/"},"modified":"2026-04-18T21:37:34","modified_gmt":"2026-04-18T19:37:34","slug":"inicio","status":"publish","type":"page","link":"https:\/\/elbazarde.com\/chollosmascotas\/","title":{"rendered":"Inicio"},"content":{"rendered":"\n<div class=\"wp-block-group\" style=\"padding-top:20px;padding-right:20px;padding-bottom:20px;padding-left:20px\"><div class=\"wp-block-group__inner-container is-layout-constrained wp-container-core-group-is-layout-86b54818 wp-block-group-is-layout-constrained\">\n<p class=\"has-text-align-center\" style=\"font-size:21px;line-height:1.7\">Tu gu\u00eda de chollos definitiva para todo lo que tu mascota necesita. Analizamos y comparamos las mejores ofertas de <strong>perros<\/strong>, <strong>gatos<\/strong>, <strong>acuarios<\/strong> y <strong>peque\u00f1os animales<\/strong> para que siempre aciertes con tu compra. \ud83d\udc3e\ud83d\udd25<\/p>\n\n\n\n<p class=\"has-text-align-center\" style=\"font-size:15px\">En Chollos Mascotas somos amantes de los animales. Cada an\u00e1lisis lo hacemos con criterio, investigando precios, calidad y opiniones reales de otros due\u00f1os de mascotas para darte la informaci\u00f3n que necesitas antes de comprar. Sin valoraciones inventadas.<\/p>\n<\/div><\/div>\n\n\n\n<div class=\"wp-block-group\" style=\"padding-top:20px;padding-right:20px;padding-bottom:20px;padding-left:20px\"><div class=\"wp-block-group__inner-container is-layout-constrained wp-container-core-group-is-layout-86b54818 wp-block-group-is-layout-constrained\">\n<h2 class=\"wp-block-heading has-text-align-center\" style=\"font-size:30px\">\ud83d\udc3e \u00bfQu\u00e9 encontrar\u00e1s en Chollos Mascotas?<\/h2>\n\n\n\n<p class=\"has-text-align-center\" style=\"margin-bottom:40px;font-size:15px\">Cubrimos todas las categor\u00edas para tu mascota con an\u00e1lisis detallados, comparativas honestas y gu\u00edas de compra actualizadas<\/p>\n\n\n\n<div class=\"wp-block-columns is-layout-flex wp-container-core-columns-is-layout-9d6595d7 wp-block-columns-is-layout-flex\">\n<div class=\"wp-block-column has-background is-layout-flow wp-block-column-is-layout-flow\" style=\"background-color:#1A202C;padding:28px 24px;border-radius:10px\">\n\n<h3 class=\"wp-block-heading\" style=\"color:#d97706;font-size:18px\">\ud83d\udc36 Perros<\/h3>\n\n\n<p style=\"color:#d6b896;font-size:14px\">Piensos, premios, correas, camas, juguetes y accesorios para perros de todas las razas y tama\u00f1os. Las mejores marcas al mejor precio.<\/p>\n\n<\/div>\n\n\n\n<div class=\"wp-block-column has-background is-layout-flow wp-block-column-is-layout-flow\" style=\"background-color:#1A202C;padding:28px 24px;border-radius:10px\">\n\n<h3 class=\"wp-block-heading\" style=\"color:#d97706;font-size:18px\">\ud83d\udc31 Gatos<\/h3>\n\n\n<p style=\"color:#d6b896;font-size:14px\">Arenas, rascadores, comederos autom\u00e1ticos, juguetes y todo lo que tu gato necesita para vivir feliz. An\u00e1lisis de los productos m\u00e1s vendidos.<\/p>\n\n<\/div>\n\n\n\n<div class=\"wp-block-column has-background is-layout-flow wp-block-column-is-layout-flow\" style=\"background-color:#1A202C;padding:28px 24px;border-radius:10px\">\n\n<h3 class=\"wp-block-heading\" style=\"color:#d97706;font-size:18px\">\ud83d\udc20 Acuarios<\/h3>\n\n\n<p style=\"color:#d6b896;font-size:14px\">Acuarios, filtros, iluminaci\u00f3n, decoraci\u00f3n y alimento para peces. Gu\u00edas para principiantes y expertos en acuariofilia.<\/p>\n\n<\/div>\n\n\n\n<div class=\"wp-block-column has-background is-layout-flow wp-block-column-is-layout-flow\" style=\"background-color:#1A202C;padding:28px 24px;border-radius:10px\">\n\n<h3 class=\"wp-block-heading\" style=\"color:#d97706;font-size:18px\">\ud83d\udc39 Peque\u00f1os Animales<\/h3>\n\n\n<p style=\"color:#d6b896;font-size:14px\">Jaulas, ruedas, alimento y accesorios para h\u00e1msters, conejos, cobayas y otros peque\u00f1os animales. Todo lo que necesitan para estar bien.<\/p>\n\n<\/div>\n<\/div>\n<\/div><\/div>\n\n\n\n<div class=\"wp-block-group\" style=\"padding-top:20px;padding-right:20px;padding-bottom:20px;padding-left:20px\"><div class=\"wp-block-group__inner-container is-layout-constrained wp-container-core-group-is-layout-86b54818 wp-block-group-is-layout-constrained\">\n<h2 class=\"wp-block-heading has-text-align-center\" style=\"font-size:30px\">\ud83d\udd0d C\u00f3mo trabajamos<\/h2>\n\n\n\n<p class=\"has-text-align-center\" style=\"margin-bottom:40px;font-size:15px\">Nuestro proceso para recomendarte solo lo mejor para tu mascota<\/p>\n\n\n\n<div class=\"wp-block-columns is-layout-flex wp-container-core-columns-is-layout-9d6595d7 wp-block-columns-is-layout-flex\">\n<div class=\"wp-block-column is-layout-flow wp-block-column-is-layout-flow\" style=\"padding:28px 24px;border-radius:10px\">\n\n<p class=\"has-text-align-center\" style=\"font-size:42px\">1\ufe0f\u20e3<\/p>\n\n\n<h4 class=\"wp-block-heading has-text-align-center\" style=\"font-size:17px\">Investigamos el mercado<\/h4>\n\n\n<p class=\"has-text-align-center\" style=\"font-size:14px\">Rastreamos cientos de productos en Amazon. Analizamos valoraciones, historial de precios y quejas frecuentes de due\u00f1os de mascotas reales.<\/p>\n\n<\/div>\n\n\n\n<div class=\"wp-block-column is-layout-flow wp-block-column-is-layout-flow\" style=\"padding:28px 24px;border-radius:10px\">\n\n<p class=\"has-text-align-center\" style=\"font-size:42px\">2\ufe0f\u20e3<\/p>\n\n\n<h4 class=\"wp-block-heading has-text-align-center\" style=\"font-size:17px\">Filtramos y comparamos<\/h4>\n\n\n<p class=\"has-text-align-center\" style=\"font-size:14px\">Solo llegan a nuestras gu\u00edas los productos que superan nuestros filtros de calidad, seguridad animal y relaci\u00f3n calidad-precio.<\/p>\n\n<\/div>\n\n\n\n<div class=\"wp-block-column is-layout-flow wp-block-column-is-layout-flow\" style=\"padding:28px 24px;border-radius:10px\">\n\n<p class=\"has-text-align-center\" style=\"font-size:42px\">3\ufe0f\u20e3<\/p>\n\n\n<h4 class=\"wp-block-heading has-text-align-center\" style=\"font-size:17px\">Te lo contamos sin rodeos<\/h4>\n\n\n<p class=\"has-text-align-center\" style=\"font-size:14px\">Gu\u00edas claras y directas. Sin tecnicismos. Para que elijas el mejor producto para tu mascota en menos de 5 minutos.<\/p>\n\n<\/div>\n<\/div>\n<\/div><\/div>\n\n\n\n<div class=\"wp-block-group\" style=\"padding-top:20px;padding-right:20px;padding-bottom:20px;padding-left:20px\"><div class=\"wp-block-group__inner-container is-layout-constrained wp-container-core-group-is-layout-86b54818 wp-block-group-is-layout-constrained\">\n<h2 class=\"wp-block-heading has-text-align-center\" style=\"font-size:30px\">\u2b50 \u00bfPor qu\u00e9 confiar en Chollos Mascotas?<\/h2>\n\n\n\n<div class=\"wp-block-columns is-layout-flex wp-container-core-columns-is-layout-91e54d10 wp-block-columns-is-layout-flex\" style=\"margin-top:40px\">\n<div class=\"wp-block-column has-background is-layout-flow wp-block-column-is-layout-flow\" style=\"background-color:#1A202C;padding:30px 20px;border-radius:10px\">\n\n<p class=\"has-text-align-center\" style=\"font-size:36px\">\u2705<\/p>\n\n\n<h3 class=\"wp-block-heading has-text-align-center\" style=\"color:#d97706;font-size:18px\">An\u00e1lisis honestos<\/h3>\n\n\n<p class=\"has-text-align-center\" style=\"color:#d6b896;font-size:14px\">No recomendamos cualquier cosa. Si un producto no es seguro o no vale lo que cuesta, lo decimos. El bienestar de tu mascota primero.<\/p>\n\n<\/div>\n\n\n\n<div class=\"wp-block-column has-background is-layout-flow wp-block-column-is-layout-flow\" style=\"background-color:#1A202C;padding:30px 20px;border-radius:10px\">\n\n<p class=\"has-text-align-center\" style=\"font-size:36px\">\ud83d\udd0e<\/p>\n\n\n<h3 class=\"wp-block-heading has-text-align-center\" style=\"color:#d97706;font-size:18px\">Investigaci\u00f3n exhaustiva<\/h3>\n\n\n<p class=\"has-text-align-center\" style=\"color:#d6b896;font-size:14px\">Estudiamos cada categor\u00eda, comparamos alternativas y leemos cientos de opiniones de due\u00f1os antes de escribir una sola recomendaci\u00f3n.<\/p>\n\n<\/div>\n\n\n\n<div class=\"wp-block-column has-background is-layout-flow wp-block-column-is-layout-flow\" style=\"background-color:#1A202C;padding:30px 20px;border-radius:10px\">\n\n<p class=\"has-text-align-center\" style=\"font-size:36px\">\ud83d\udcb0<\/p>\n\n\n<h3 class=\"wp-block-heading has-text-align-center\" style=\"color:#d97706;font-size:18px\">Mejor precio garantizado<\/h3>\n\n\n<p class=\"has-text-align-center\" style=\"color:#d6b896;font-size:14px\">Monitorizamos los precios continuamente. Nuestros enlaces siempre apuntan a la opci\u00f3n m\u00e1s competitiva disponible en Amazon.<\/p>\n\n<\/div>\n<\/div>\n<\/div><\/div>\n\n\n\n<div class=\"wp-block-group\" style=\"padding-top:20px;padding-right:20px;padding-bottom:20px;padding-left:20px\"><div class=\"wp-block-group__inner-container is-layout-constrained wp-container-core-group-is-layout-86b54818 wp-block-group-is-layout-constrained\">\n<h2 class=\"wp-block-heading has-text-align-center\" style=\"font-size:28px\">\ud83d\ude80 Empieza a descubrir los mejores chollos para tu mascota<\/h2>\n\n\n\n<p class=\"has-text-align-center\" style=\"margin-bottom:20px;font-size:16px\">Explora nuestras gu\u00edas de compra y encuentra el producto perfecto para tu mascota. Actualizamos el contenido cada semana con las mejores novedades y ofertas del mercado.<\/p>\n\n\n\n<p class=\"has-text-align-center\" style=\"font-size:15px\">\ud83d\udcec <strong>\u00bfBuscas algo concreto?<\/strong> Navega por <a href=\"\/chollosmascotas\/perros\/\">Perros<\/a>, <a href=\"\/chollosmascotas\/gatos\/\">Gatos<\/a>, <a href=\"\/chollosmascotas\/acuarios\/\">Acuarios<\/a> o <a href=\"\/chollosmascotas\/pequenos-animales\/\">Peque\u00f1os Animales<\/a> y encuentra an\u00e1lisis detallados, comparativas y gu\u00edas de compra actualizadas.<\/p>\n<\/div><\/div>\n\n\n","protected":false},"excerpt":{"rendered":"<p>Tu gu\u00eda de chollos definitiva para todo lo que tu mascota necesita. Analizamos y comparamos las mejores ofertas de perros, gatos, acuarios y peque\u00f1os animales para que siempre aciertes con tu compra. \ud83d\udc3e\ud83d\udd25 En Chollos Mascotas somos amantes de los animales. Cada an\u00e1lisis lo hacemos con criterio, investigando precios, calidad y opiniones reales de otros&#8230;<\/p>\n","protected":false},"author":0,"featured_media":0,"parent":0,"menu_order":0,"comment_status":"closed","ping_status":"closed","template":"","meta":{"_acf_changed":false,"_kad_post_transparent":"","_kad_post_title":"","_kad_post_layout":"","_kad_post_sidebar_id":"","_kad_post_content_style":"","_kad_post_vertical_padding":"","_kad_post_feature":"","_kad_post_feature_position":"","_kad_post_header":false,"_kad_post_footer":false,"_kad_post_classname":"","footnotes":""},"class_list":["post-65","page","type-page","status-publish","hentry"],"acf":[],"_links":{"self":[{"href":"https:\/\/elbazarde.com\/chollosmascotas\/wp-json\/wp\/v2\/pages\/65","targetHints":{"allow":["GET"]}}],"collection":[{"href":"https:\/\/elbazarde.com\/chollosmascotas\/wp-json\/wp\/v2\/pages"}],"about":[{"href":"https:\/\/elbazarde.com\/chollosmascotas\/wp-json\/wp\/v2\/types\/page"}],"replies":[{"embeddable":true,"href":"https:\/\/elbazarde.com\/chollosmascotas\/wp-json\/wp\/v2\/comments?post=65"}],"version-history":[{"count":6,"href":"https:\/\/elbazarde.com\/chollosmascotas\/wp-json\/wp\/v2\/pages\/65\/revisions"}],"predecessor-version":[{"id":173,"href":"https:\/\/elbazarde.com\/chollosmascotas\/wp-json\/wp\/v2\/pages\/65\/revisions\/173"}],"wp:attachment":[{"href":"https:\/\/elbazarde.com\/chollosmascotas\/wp-json\/wp\/v2\/media?parent=65"}],"curies":[{"name":"wp","href":"https:\/\/api.w.org\/{rel}","templated":true}]}}