{"id":44,"date":"2026-04-15T23:13:42","date_gmt":"2026-04-15T21:13:42","guid":{"rendered":"https:\/\/elbazarde.com\/cafeencasa\/inicio\/"},"modified":"2026-04-18T21:26:58","modified_gmt":"2026-04-18T19:26:58","slug":"inicio","status":"publish","type":"page","link":"https:\/\/elbazarde.com\/cafeencasa\/","title":{"rendered":"Inicio"},"content":{"rendered":"\n<div class=\"wp-block-group\" style=\"padding-top:20px;padding-right:20px;padding-bottom:20px;padding-left:20px\"><div class=\"wp-block-group__inner-container is-layout-constrained wp-container-core-group-is-layout-86b54818 wp-block-group-is-layout-constrained\">\n<p class=\"has-text-align-center\" style=\"font-size:21px;line-height:1.7\">Tu gu\u00eda de caf\u00e9 en casa. Cafeteras, molinillos, accesorios y los mejores granos seleccionados para que cada taza sea perfecta. \u2615\ud83d\udd25<\/p>\n\n\n\n<p class=\"has-text-align-center\" style=\"font-size:15px\">En Caf\u00e9 en Casa analizamos cientos de productos cada semana. Solo te recomendamos lo que de verdad merece la pena: buena relaci\u00f3n calidad-precio, env\u00edo Prime y valoraciones reales de compradores.<\/p>\n<\/div><\/div>\n\n\n\n<div class=\"wp-block-group\" style=\"padding-top:20px;padding-right:20px;padding-bottom:20px;padding-left:20px\"><div class=\"wp-block-group__inner-container is-layout-constrained wp-container-core-group-is-layout-86b54818 wp-block-group-is-layout-constrained\">\n<h2 class=\"wp-block-heading has-text-align-center\" style=\"font-size:30px\">\u2615 \u00bfQu\u00e9 encontrar\u00e1s en Caf\u00e9 en Casa?<\/h2>\n\n\n\n<p class=\"has-text-align-center\" style=\"margin-bottom:40px;font-size:15px\">Cubrimos todas las categor\u00edas con an\u00e1lisis honestos, comparativas y gu\u00edas de compra actualizadas cada semana<\/p>\n\n\n\n<div class=\"wp-block-columns is-layout-flex wp-container-core-columns-is-layout-9d6595d7 wp-block-columns-is-layout-flex\">\n<div class=\"wp-block-column has-background is-layout-flow wp-block-column-is-layout-flow\" style=\"background-color:#2c1810;padding:28px 24px;border-radius:10px\">\n\n<h3 class=\"wp-block-heading has-text-color\" style=\"color:#d97706;font-size:18px;white-space:nowrap\">\u2615 Cafeteras<\/h3>\n\n\n<p class=\"has-text-color\" style=\"color:#d6b896;font-size:14px\">Espresso, de goteo, de c\u00e1psulas, prensas francesas. Analizamos las mejores cafeteras para cada tipo de amante del caf\u00e9.<\/p>\n\n<\/div>\n\n\n\n<div class=\"wp-block-column has-background is-layout-flow wp-block-column-is-layout-flow\" style=\"background-color:#2c1810;padding:28px 24px;border-radius:10px\">\n\n<h3 class=\"wp-block-heading has-text-color\" style=\"color:#d97706;font-size:18px\">\u2699\ufe0f Molinillos<\/h3>\n\n\n<p class=\"has-text-color\" style=\"color:#d6b896;font-size:14px\">De cuchillas o de muelas, manuales o el\u00e9ctricos. El molinillo adecuado marca la diferencia en tu taza.<\/p>\n\n<\/div>\n\n\n\n<div class=\"wp-block-column has-background is-layout-flow wp-block-column-is-layout-flow\" style=\"background-color:#2c1810;padding:28px 24px;border-radius:10px\">\n\n<h3 class=\"wp-block-heading has-text-color\" style=\"color:#d97706;font-size:18px\">\ud83e\uded9 Accesorios<\/h3>\n\n\n<p class=\"has-text-color\" style=\"color:#d6b896;font-size:14px\">Tampers, distribuidores, b\u00e1sculas, tazas y todo lo que necesitas para preparar el caf\u00e9 perfecto en casa.<\/p>\n\n<\/div>\n\n\n\n<div class=\"wp-block-column has-background is-layout-flow wp-block-column-is-layout-flow\" style=\"background-color:#2c1810;padding:28px 24px;border-radius:10px\">\n\n<h3 class=\"wp-block-heading has-text-color\" style=\"color:#d97706;font-size:18px\">\ud83c\udf31 Caf\u00e9 y C\u00e1psulas<\/h3>\n\n\n<p class=\"has-text-color\" style=\"color:#d6b896;font-size:14px\">Granos de especialidad, c\u00e1psulas compatibles y mezclas seleccionadas para que nunca te falte un buen caf\u00e9 en casa.<\/p>\n\n<\/div>\n<\/div>\n<\/div><\/div>\n\n\n\n<div class=\"wp-block-group\" style=\"padding-top:20px;padding-right:20px;padding-bottom:20px;padding-left:20px\"><div class=\"wp-block-group__inner-container is-layout-constrained wp-container-core-group-is-layout-86b54818 wp-block-group-is-layout-constrained\">\n<h2 class=\"wp-block-heading has-text-align-center\" style=\"font-size:30px\">\ud83d\udd0d C\u00f3mo seleccionamos nuestros productos<\/h2>\n\n\n\n<p class=\"has-text-align-center\" style=\"margin-bottom:40px;font-size:15px\">Nuestro proceso para que solo veas lo que realmente vale la pena<\/p>\n\n\n\n<div class=\"wp-block-columns is-layout-flex wp-container-core-columns-is-layout-9d6595d7 wp-block-columns-is-layout-flex\">\n<div class=\"wp-block-column is-layout-flow wp-block-column-is-layout-flow\">\n<p class=\"has-text-align-center\" style=\"font-size:42px\">1\ufe0f\u20e3<\/p>\n\n\n<h4 class=\"wp-block-heading has-text-align-center\" style=\"font-size:17px\">Probamos y comparamos<\/h4>\n\n\n<p class=\"has-text-align-center\" style=\"font-size:14px\">Analizamos especificaciones, valoraciones de compradores reales e historiales de precio para identificar los productos que de verdad merecen atenci\u00f3n.<\/p>\n<\/div>\n\n\n\n<div class=\"wp-block-column is-layout-flow wp-block-column-is-layout-flow\">\n<p class=\"has-text-align-center\" style=\"font-size:42px\">2\ufe0f\u20e3<\/p>\n\n\n<h4 class=\"wp-block-heading has-text-align-center\" style=\"font-size:17px\">Filtramos con criterio<\/h4>\n\n\n<p class=\"has-text-align-center\" style=\"font-size:14px\">Solo llegan a nuestras gu\u00edas los productos con env\u00edo Prime, valoraciones s\u00f3lidas y calidad demostrada. Sin relleno ni productos mediocres.<\/p>\n<\/div>\n\n\n\n<div class=\"wp-block-column is-layout-flow wp-block-column-is-layout-flow\">\n<p class=\"has-text-align-center\" style=\"font-size:42px\">3\ufe0f\u20e3<\/p>\n\n\n<h4 class=\"wp-block-heading has-text-align-center\" style=\"font-size:17px\">Te lo explicamos claro<\/h4>\n\n\n<p class=\"has-text-align-center\" style=\"font-size:14px\">Gu\u00edas directas y sin tecnicismos. Para que decidas en menos de 5 minutos si el producto es para ti o no.<\/p>\n<\/div>\n<\/div>\n<\/div><\/div>\n\n\n\n<div class=\"wp-block-group\" style=\"padding-top:20px;padding-right:20px;padding-bottom:20px;padding-left:20px\"><div class=\"wp-block-group__inner-container is-layout-constrained wp-container-core-group-is-layout-86b54818 wp-block-group-is-layout-constrained\">\n<h2 class=\"wp-block-heading has-text-align-center\" style=\"font-size:30px\">\u2b50 \u00bfPor qu\u00e9 Caf\u00e9 en Casa?<\/h2>\n\n\n\n<div class=\"wp-block-columns is-layout-flex wp-container-core-columns-is-layout-91e54d10 wp-block-columns-is-layout-flex\" style=\"margin-top:40px\">\n<div class=\"wp-block-column has-background is-layout-flow wp-block-column-is-layout-flow\" style=\"background-color:#2c1810;padding:30px 20px;border-radius:10px\">\n\n<p class=\"has-text-align-center\" style=\"font-size:36px\">\u2705<\/p>\n\n\n<h3 class=\"wp-block-heading has-text-align-center has-text-color\" style=\"color:#d97706;font-size:18px\">Solo lo que funciona<\/h3>\n\n\n<p class=\"has-text-align-center has-text-color\" style=\"color:#d6b896;font-size:14px\">No publicamos cualquier cafetera. Si no tiene buena relaci\u00f3n calidad-precio y valoraciones s\u00f3lidas, no aparece.<\/p>\n\n<\/div>\n\n\n\n<div class=\"wp-block-column has-background is-layout-flow wp-block-column-is-layout-flow\" style=\"background-color:#2c1810;padding:30px 20px;border-radius:10px\">\n\n<p class=\"has-text-align-center\" style=\"font-size:36px\">\ud83d\ude80<\/p>\n\n\n<h3 class=\"wp-block-heading has-text-align-center has-text-color\" style=\"color:#d97706;font-size:18px\">Siempre env\u00edo Prime<\/h3>\n\n\n<p class=\"has-text-align-center has-text-color\" style=\"color:#d6b896;font-size:14px\">Todos los productos que recomendamos tienen env\u00edo Prime. Sin sorpresas ni gastos de env\u00edo inesperados.<\/p>\n\n<\/div>\n\n\n\n<div class=\"wp-block-column has-background is-layout-flow wp-block-column-is-layout-flow\" style=\"background-color:#2c1810;padding:30px 20px;border-radius:10px\">\n\n<p class=\"has-text-align-center\" style=\"font-size:36px\">\ud83d\udd04<\/p>\n\n\n<h3 class=\"wp-block-heading has-text-align-center has-text-color\" style=\"color:#d97706;font-size:18px\">Actualizado cada semana<\/h3>\n\n\n<p class=\"has-text-align-center has-text-color\" style=\"color:#d6b896;font-size:14px\">Revisamos y a\u00f1adimos nuevos productos continuamente. El contenido que ves siempre es actual y relevante.<\/p>\n\n<\/div>\n<\/div>\n<\/div><\/div>\n\n\n\n<div class=\"wp-block-group\" style=\"padding-top:20px;padding-right:20px;padding-bottom:20px;padding-left:20px\"><div class=\"wp-block-group__inner-container is-layout-constrained wp-container-core-group-is-layout-86b54818 wp-block-group-is-layout-constrained\">\n<h2 class=\"wp-block-heading has-text-align-center\" style=\"font-size:28px\">\u2615 Empieza a preparar mejor caf\u00e9<\/h2>\n\n\n\n<p class=\"has-text-align-center\" style=\"margin-bottom:20px;font-size:16px\">Explora nuestras gu\u00edas por categor\u00eda y encuentra el equipo perfecto para tu ritual del caf\u00e9. Actualizamos el contenido cada semana con las mejores opciones de Amazon.<\/p>\n\n\n\n<p class=\"has-text-align-center\" style=\"font-size:15px\">\u2615 Navega por <a href=\"\/cafeencasa\/category\/cafeteras\/\">Cafeteras<\/a>, <a href=\"\/cafeencasa\/category\/molinillos\/\">Molinillos<\/a>, <a href=\"\/cafeencasa\/category\/accesorios\/\">Accesorios<\/a> o <a href=\"\/cafeencasa\/category\/cafe-y-capsulas\/\">Caf\u00e9 y C\u00e1psulas<\/a> y encuentra an\u00e1lisis honestos con las mejores opciones del momento.<\/p>\n<\/div><\/div>\n\n","protected":false},"excerpt":{"rendered":"<p>Tu gu\u00eda de caf\u00e9 en casa. Cafeteras, molinillos, accesorios y los mejores granos seleccionados para que cada taza sea perfecta. \u2615\ud83d\udd25 En Caf\u00e9 en Casa analizamos cientos de productos cada semana. Solo te recomendamos lo que de verdad merece la pena: buena relaci\u00f3n calidad-precio, env\u00edo Prime y valoraciones reales de compradores. \u2615 \u00bfQu\u00e9 encontrar\u00e1s en&#8230;<\/p>\n","protected":false},"author":0,"featured_media":0,"parent":0,"menu_order":0,"comment_status":"closed","ping_status":"closed","template":"","meta":{"_acf_changed":false,"_kad_post_transparent":"","_kad_post_title":"","_kad_post_layout":"","_kad_post_sidebar_id":"","_kad_post_content_style":"","_kad_post_vertical_padding":"","_kad_post_feature":"","_kad_post_feature_position":"","_kad_post_header":false,"_kad_post_footer":false,"_kad_post_classname":"","footnotes":""},"class_list":["post-44","page","type-page","status-publish","hentry"],"acf":[],"_links":{"self":[{"href":"https:\/\/elbazarde.com\/cafeencasa\/wp-json\/wp\/v2\/pages\/44","targetHints":{"allow":["GET"]}}],"collection":[{"href":"https:\/\/elbazarde.com\/cafeencasa\/wp-json\/wp\/v2\/pages"}],"about":[{"href":"https:\/\/elbazarde.com\/cafeencasa\/wp-json\/wp\/v2\/types\/page"}],"replies":[{"embeddable":true,"href":"https:\/\/elbazarde.com\/cafeencasa\/wp-json\/wp\/v2\/comments?post=44"}],"version-history":[{"count":2,"href":"https:\/\/elbazarde.com\/cafeencasa\/wp-json\/wp\/v2\/pages\/44\/revisions"}],"predecessor-version":[{"id":216,"href":"https:\/\/elbazarde.com\/cafeencasa\/wp-json\/wp\/v2\/pages\/44\/revisions\/216"}],"wp:attachment":[{"href":"https:\/\/elbazarde.com\/cafeencasa\/wp-json\/wp\/v2\/media?parent=44"}],"curies":[{"name":"wp","href":"https:\/\/api.w.org\/{rel}","templated":true}]}}